{"id":25,"date":"2023-03-05T10:39:43","date_gmt":"2023-03-05T10:39:43","guid":{"rendered":"https:\/\/polimentofarolatacado.com\/?page_id=25"},"modified":"2026-01-12T05:46:11","modified_gmt":"2026-01-12T05:46:11","slug":"about","status":"publish","type":"page","link":"https:\/\/polimentofarolatacado.com\/zh\/\u5173\u4e8e\/","title":{"rendered":"\u5173\u4e8e"},"content":{"rendered":"<section class=\"section\" id=\"section_2051344180\">\n\t\t<div class=\"bg section-bg fill bg-fill  bg-loaded\" >\n\n\t\t\t\n\t\t\t\n\t\t\t\n\n\t\t<\/div>\n\n\t\t\n\n\t\t<div class=\"section-content relative\">\n\t\t\t\n<div class=\"row align-equal\"  id=\"row-351385863\">\n\n\t<div id=\"col-757912308\" class=\"col medium-12 small-12 large-6 medium-col-first\"  >\n\t\t\t\t<div class=\"col-inner\"  >\n\t\t\t\n\t\t\t\n\t<div id=\"gap-329269897\" class=\"gap-element clearfix\" style=\"display:block; height:auto;\">\n\t\t\n<style>\n#gap-329269897 {\n  padding-top: 5px;\n}\n<\/style>\n\t<\/div>\n\t\n\t<div id=\"text-1372578218\" class=\"text\">\n\t\t\n<h2>Informa\u00e7\u00f5es da empresa<\/h2>\n\t\t\n<style>\n#text-1372578218 {\n  font-size: 1rem;\n}\n@media (min-width:550px) {\n  #text-1372578218 {\n    font-size: 1rem;\n  }\n}\n@media (min-width:850px) {\n  #text-1372578218 {\n    font-size: 1.4rem;\n  }\n}\n<\/style>\n\t<\/div>\n\t\n<div class=\"is-divider divider clearfix\" style=\"max-width:50px;height:4px;background-color:rgb(59, 181, 76);\"><\/div>\n\t<div id=\"gap-462362689\" class=\"gap-element clearfix hide-for-small\" style=\"display:block; height:auto;\">\n\t\t\n<style>\n#gap-462362689 {\n  padding-top: 20px;\n}\n<\/style>\n\t<\/div>\n\t\n<div>\u00a0<\/div>\n<div>\u00a0<\/div>\n<div>A Guangzhou Helioson Automotive Supplies Co., Ltd., conhecida como Helioson Car Care, \u00e9 uma empresa l\u00edder no setor de produtos para cuidados automotivos na China. Fundada em 2011 e sediada em Guangzhou, na prov\u00edncia de Guangdong, a companhia \u00e9 parceira estrat\u00e9gica da renomada empresa americana 4-X, destacando-se pela integra\u00e7\u00e3o de pesquisa, desenvolvimento, fabrica\u00e7\u00e3o, vendas e servi\u00e7os em um modelo de alta tecnologia.<\/div>\n<div>\u00a0<\/div>\n<div>Especializada em solu\u00e7\u00f5es qu\u00edmicas para ve\u00edculos, a Helioson oferece uma ampla linha de produtos automotivos de alta qualidade, incluindo:<\/div>\n<div>\u00a0<\/div>\n<div>&#8211; anticongelantes<\/div>\n<div>&#8211; limpadores de ar<\/div>\n<div>&#8211; ceras polidoras<\/div>\n<div>&#8211; aromatizantes n\u00e3o t\u00f3xicos<\/div>\n<div>&#8211; removedores de cola<\/div>\n<div>&#8211; fluidos de manuten\u00e7\u00e3o<\/div>\n<div>\u00a0<\/div>\n<div>Suas marcas principais \u2014 GETSUN, 4X, ODELIGHT e MARPA \u2014 s\u00e3o reconhecidas mundialmente por inova\u00e7\u00e3o, efici\u00eancia e seguran\u00e7a.<\/div>\n<div>\u00a0<\/div>\n<div>Com certifica\u00e7\u00e3o ISO 9001, a empresa prioriza a excel\u00eancia em produ\u00e7\u00e3o e o compromisso com a sustentabilidade, atendendo rigorosos padr\u00f5es internacionais. Como exportadora experiente, a Helioson fornece solu\u00e7\u00f5es confi\u00e1veis para motoristas e profissionais que buscam proteger e valorizar seus ve\u00edculos.<\/div>\n<div>\u00a0<\/div>\n<div>Escolha Helioson para acess\u00f3rios automotivos premium que combinam tecnologia avan\u00e7ada e desempenho superior. Qualidade chinesa com alcance global!<\/div>\n\t<div id=\"gap-335337923\" class=\"gap-element clearfix\" style=\"display:block; height:auto;\">\n\t\t\n<style>\n#gap-335337923 {\n  padding-top: 30px;\n}\n<\/style>\n\t<\/div>\n\t\n<a href=\"\/zh\/contact\/\" class=\"button primary\"  style=\"border-radius:99px;\">\n    <span>Fale Conosco<\/span>\n  <\/a>\n\n\t\t<\/div>\n\t\t\t\t\n<style>\n#col-757912308 > .col-inner {\n  padding: 0px 0px 0px 0px;\n}\n@media (min-width:550px) {\n  #col-757912308 > .col-inner {\n    padding: 0px 0px 0px 0px;\n  }\n}\n@media (min-width:850px) {\n  #col-757912308 > .col-inner {\n    padding: 0px 20px 0px 0px;\n  }\n}\n<\/style>\n\t<\/div>\n\n\t\n\n\t<div id=\"col-584946409\" class=\"col medium-12 small-12 large-6\"  >\n\t\t\t\t<div class=\"col-inner\"  >\n\t\t\t\n\t\t\t\n\t<div class=\"img has-hover x md-x lg-x y md-y lg-y\" id=\"image_1044023162\">\n\t\t\t\t\t\t\t\t<div class=\"img-inner image-cover box-shadow-1 box-shadow-5-hover dark\" style=\"padding-top:70%;\">\n\t\t\t<img loading=\"lazy\" decoding=\"async\" width=\"700\" height=\"450\" src=\"https:\/\/polimentofarolatacado.com\/wp-content\/uploads\/2023\/04\/about-us-factory.webp\" class=\"attachment-original size-original\" alt=\"\" srcset=\"https:\/\/polimentofarolatacado.com\/wp-content\/uploads\/2023\/04\/about-us-factory.webp 700w, https:\/\/polimentofarolatacado.com\/wp-content\/uploads\/2023\/04\/about-us-factory-300x193.webp 300w, https:\/\/polimentofarolatacado.com\/wp-content\/uploads\/2023\/04\/about-us-factory-600x386.webp 600w\" sizes=\"auto, (max-width: 700px) 100vw, 700px\" \/>\t\t\t\t\t\t\n\t\t\t\t\t<\/div>\n\t\t\t\t\t\t\t\t\n<style>\n#image_1044023162 {\n  width: 100%;\n}\n<\/style>\n\t<\/div>\n\t\n\t\t<\/div>\n\t\t\t\t\n<style>\n#col-584946409 > .col-inner {\n  padding: 0px 0px 0px 0px;\n  border-radius: 8px;\n}\n@media (min-width:550px) {\n  #col-584946409 > .col-inner {\n    padding: 0px 0px 0px 0px;\n  }\n}\n@media (min-width:850px) {\n  #col-584946409 > .col-inner {\n    padding: 0px 0px 0px 20px;\n  }\n}\n<\/style>\n\t<\/div>\n\n\t\n<\/div>\n\t\t<\/div>\n\n\t\t\n<style>\n#section_2051344180 {\n  padding-top: 30px;\n  padding-bottom: 30px;\n}\n@media (min-width:550px) {\n  #section_2051344180 {\n    padding-top: 30px;\n    padding-bottom: 30px;\n  }\n}\n@media (min-width:850px) {\n  #section_2051344180 {\n    padding-top: 80px;\n    padding-bottom: 80px;\n  }\n}\n<\/style>\n\t<\/section>\n\t\n\n\n\t<section class=\"section\" id=\"section_681384703\">\n\t\t<div class=\"bg section-bg fill bg-fill  bg-loaded\" >\n\n\t\t\t\n\t\t\t<div class=\"section-bg-overlay absolute fill\"><\/div>\n\t\t\t\n\n\t\t<\/div>\n\n\t\t\n\n\t\t<div class=\"section-content relative\">\n\t\t\t\n\t<div id=\"gap-14060718\" class=\"gap-element clearfix\" style=\"display:block; height:auto;\">\n\t\t\n<style>\n#gap-14060718 {\n  padding-top: 30px;\n}\n<\/style>\n\t<\/div>\n\t\n<div class=\"row align-center\"  id=\"row-1860452011\">\n\n\t<div id=\"col-152539493\" class=\"col medium-10 small-12 large-10\"  >\n\t\t\t\t<div class=\"col-inner\"  >\n\t\t\t\n\t\t\t\n\t<div id=\"text-1039619343\" class=\"text\">\n\t\t\n<h2>Personalidade\uff0cResponsabilidade\uff0cCompartilhamento<\/h2>\n\t\t\n<style>\n#text-1039619343 {\n  font-size: 1.35rem;\n  text-align: center;\n  color: rgb(255,255,255);\n}\n#text-1039619343 > * {\n  color: rgb(255,255,255);\n}\n<\/style>\n\t<\/div>\n\t\n<div class=\"text-center\"><div class=\"is-divider divider clearfix\" style=\"background-color:rgb(255, 255, 255);\"><\/div><\/div>\n\t\t<\/div>\n\t\t\t\t\n<style>\n#col-152539493 > .col-inner {\n  margin: 0px 0px -20px 0px;\n}\n<\/style>\n\t<\/div>\n\n\t\n<\/div>\n<div class=\"row\"  id=\"row-1349707749\">\n\n\t<div id=\"col-993742955\" class=\"col small-12 large-12\"  >\n\t\t\t\t<div class=\"col-inner text-center\"  >\n\t\t\t\n\t\t\t\n<a href=\"\/zh\/shop\/\" class=\"button white\"  style=\"border-radius:99px;\">\n    <span>Saiba mais<\/span>\n  <\/a>\n\n\t\t<\/div>\n\t\t\t\t\n<style>\n#col-993742955 > .col-inner {\n  margin: 0px 0px -20px 0px;\n}\n<\/style>\n\t<\/div>\n\n\t\n<\/div>\n\t\t<\/div>\n\n\t\t\n<style>\n#section_681384703 {\n  padding-top: 30px;\n  padding-bottom: 30px;\n}\n#section_681384703 .section-bg-overlay {\n  background-color: #3ab54b;\n}\n<\/style>\n\t<\/section>\n\t\n\t<section class=\"section\" id=\"section_1988228398\">\n\t\t<div class=\"bg section-bg fill bg-fill  bg-loaded\" >\n\n\t\t\t\n\t\t\t\n\t\t\t\n\n\t\t<\/div>\n\n\t\t\n\n\t\t<div class=\"section-content relative\">\n\t\t\t\n<div class=\"row\"  id=\"row-319188665\">\n\n\t<div id=\"col-446148126\" class=\"col small-12 large-12\"  >\n\t\t\t\t<div class=\"col-inner\"  >\n\t\t\t\n\t\t\t\n\t<div id=\"gap-94407108\" class=\"gap-element clearfix hide-for-medium\" style=\"display:block; height:auto;\">\n\t\t\n<style>\n#gap-94407108 {\n  padding-top: 30px;\n}\n<\/style>\n\t<\/div>\n\t\n\t\t<\/div>\n\t\t\t\t\n<style>\n#col-446148126 > .col-inner {\n  margin: 0px 0px -20px 0px;\n}\n<\/style>\n\t<\/div>\n\n\t\n<\/div>\n<div class=\"row align-equal\" style=\"max-width:1400px\" id=\"row-157953219\">\n\n\t<div id=\"col-2129904036\" class=\"col medium-12 small-12 large-6\"  >\n\t\t\t\t<div class=\"col-inner\"  >\n\t\t\t\n\t\t\t\n<div class=\"uxb-no-content uxb-image\">Upload Image...<\/div>\n\t\t<\/div>\n\t\t\t\t\n<style>\n#col-2129904036 > .col-inner {\n  padding: 0px 0px 0px 0px;\n}\n@media (min-width:550px) {\n  #col-2129904036 > .col-inner {\n    padding: 0px 0px 0px 0px;\n  }\n}\n@media (min-width:850px) {\n  #col-2129904036 > .col-inner {\n    padding: 0px 30px 0px 0px;\n  }\n}\n<\/style>\n\t<\/div>\n\n\t\n\n\t<div id=\"col-1446139853\" class=\"col medium-12 small-12 large-6 medium-col-first\"  >\n\t\t\t\t<div class=\"col-inner\"  >\n\t\t\t\n\t\t\t\n\t<div id=\"text-3245585065\" class=\"text\">\n\t\t\n<h2>EQUIPE DA EMPRESA<\/h2>\n\t\t\n<style>\n#text-3245585065 {\n  font-size: 1rem;\n}\n@media (min-width:550px) {\n  #text-3245585065 {\n    font-size: 1rem;\n  }\n}\n@media (min-width:850px) {\n  #text-3245585065 {\n    font-size: 1.3rem;\n  }\n}\n<\/style>\n\t<\/div>\n\t\n<div class=\"is-divider divider clearfix\" style=\"max-width:50px;height:4px;background-color:rgb(59, 181, 76);\"><\/div>\n\t<div id=\"gap-1227603046\" class=\"gap-element clearfix\" style=\"display:block; height:auto;\">\n\t\t\n<style>\n#gap-1227603046 {\n  padding-top: 20px;\n}\n<\/style>\n\t<\/div>\n\t\n<div>Na <strong>Helioson Car Care<\/strong>, a equipe \u00e9 formada por profissionais altamente qualificados e apaixonados pelo setor automotivo. Com mais de uma d\u00e9cada de experi\u00eancia, nossos especialistas integram pesquisa, desenvolvimento, produ\u00e7\u00e3o, vendas e servi\u00e7os em um modelo de alta tecnologia.<\/div>\n<div>\u00a0<\/div>\n<div>Engenheiros, qu\u00edmicos e t\u00e9cnicos dedicam-se \u00e0 cria\u00e7\u00e3o de solu\u00e7\u00f5es inovadoras e sustent\u00e1veis, sempre priorizando qualidade e seguran\u00e7a. Certificada pela <strong>ISO 9001<\/strong>, nossa equipe garante produtos premium das marcas <strong>GETSUN<\/strong>, <strong>4X<\/strong>, <strong>ODELIGHT<\/strong> e <strong>MARPA<\/strong>, atendendo padr\u00f5es internacionais rigorosos.<\/div>\n<div>\u00a0<\/div>\n<div>Comprometidos com a excel\u00eancia e o atendimento personalizado, trabalhamos unidos para oferecer as melhores solu\u00e7\u00f5es em cuidados automotivos a clientes no mundo todo.<\/div>\n<div>\u00a0<\/div>\n<div>Confie na equipe Helioson para resultados superiores!<\/div>\n<div>\u00a0<\/div>\n\t<div id=\"gap-798180787\" class=\"gap-element clearfix\" style=\"display:block; height:auto;\">\n\t\t\n<style>\n#gap-798180787 {\n  padding-top: 30px;\n}\n<\/style>\n\t<\/div>\n\t\n<a href=\"\/zh\/contact\/\" class=\"button primary\"  style=\"border-radius:99px;\">\n    <span>Junte-se a n\u00f3s agora<\/span>\n  <\/a>\n\n\t\t<\/div>\n\t\t\t\t\n<style>\n#col-1446139853 > .col-inner {\n  padding: 0px 0px 0px 0px;\n}\n@media (min-width:550px) {\n  #col-1446139853 > .col-inner {\n    padding: 0px 0px 0px 0px;\n  }\n}\n@media (min-width:850px) {\n  #col-1446139853 > .col-inner {\n    padding: 0px 90px 0px 30px;\n  }\n}\n<\/style>\n\t<\/div>\n\n\t\n<\/div>\n<div class=\"row align-middle align-center\"  id=\"row-1416726469\">\n\n\t<div id=\"col-1656716342\" class=\"col medium-6 small-12 large-6\"  >\n\t\t\t\t<div class=\"col-inner\"  >\n\t\t\t\n\t\t\t\n\t<div id=\"gap-1454618408\" class=\"gap-element clearfix\" style=\"display:block; height:auto;\">\n\t\t\n<style>\n#gap-1454618408 {\n  padding-top: 0px;\n}\n<\/style>\n\t<\/div>\n\t\n\t\t<\/div>\n\t\t\t\t\t<\/div>\n\n\t\n<\/div>\n\t\t<\/div>\n\n\t\t\n<style>\n#section_1988228398 {\n  padding-top: 0px;\n  padding-bottom: 0px;\n}\n@media (min-width:550px) {\n  #section_1988228398 {\n    padding-top: 0px;\n    padding-bottom: 0px;\n  }\n}\n@media (min-width:850px) {\n  #section_1988228398 {\n    padding-top: 50px;\n    padding-bottom: 50px;\n  }\n}\n<\/style>\n\t<\/section>","protected":false},"excerpt":{"rendered":"","protected":false},"author":3,"featured_media":0,"parent":0,"menu_order":0,"comment_status":"closed","ping_status":"closed","template":"page-blank.php","meta":{"footnotes":""},"class_list":["post-25","page","type-page","status-publish","hentry"],"yoast_head":"<!-- This site is optimized with the Yoast SEO plugin v27.4 - https:\/\/yoast.com\/product\/yoast-seo-wordpress\/ -->\n<title>About - polimentofarolatacado<\/title>\n<meta name=\"robots\" content=\"noindex, follow, max-snippet:-1, max-image-preview:large, max-video-preview:-1\" \/>\n<meta property=\"og:locale\" content=\"zh_CN\" \/>\n<meta property=\"og:type\" content=\"article\" \/>\n<meta property=\"og:title\" content=\"About - polimentofarolatacado\" \/>\n<meta property=\"og:url\" content=\"https:\/\/polimentofarolatacado.com\/zh\/\u5173\u4e8e\/\" \/>\n<meta property=\"og:site_name\" content=\"polimentofarolatacado\" \/>\n<meta property=\"article:modified_time\" content=\"2026-01-12T05:46:11+00:00\" \/>\n<meta name=\"twitter:card\" content=\"summary_large_image\" \/>\n<meta name=\"twitter:label1\" content=\"\u9884\u8ba1\u9605\u8bfb\u65f6\u95f4\" \/>\n\t<meta name=\"twitter:data1\" content=\"4 \u5206\" \/>\n<script type=\"application\/ld+json\" class=\"yoast-schema-graph\">{\"@context\":\"https:\\\/\\\/schema.org\",\"@graph\":[{\"@type\":\"WebPage\",\"@id\":\"https:\\\/\\\/polimentofarolatacado.com\\\/about\\\/\",\"url\":\"https:\\\/\\\/polimentofarolatacado.com\\\/about\\\/\",\"name\":\"About - polimentofarolatacado\",\"isPartOf\":{\"@id\":\"https:\\\/\\\/polimentofarolatacado.com\\\/#website\"},\"datePublished\":\"2023-03-05T10:39:43+00:00\",\"dateModified\":\"2026-01-12T05:46:11+00:00\",\"breadcrumb\":{\"@id\":\"https:\\\/\\\/polimentofarolatacado.com\\\/about\\\/#breadcrumb\"},\"inLanguage\":\"zh-Hans\",\"potentialAction\":[{\"@type\":\"ReadAction\",\"target\":[\"https:\\\/\\\/polimentofarolatacado.com\\\/about\\\/\"]}]},{\"@type\":\"BreadcrumbList\",\"@id\":\"https:\\\/\\\/polimentofarolatacado.com\\\/about\\\/#breadcrumb\",\"itemListElement\":[{\"@type\":\"ListItem\",\"position\":1,\"name\":\"Home\",\"item\":\"https:\\\/\\\/polimentofarolatacado.com\\\/\"},{\"@type\":\"ListItem\",\"position\":2,\"name\":\"About\"}]},{\"@type\":\"WebSite\",\"@id\":\"https:\\\/\\\/polimentofarolatacado.com\\\/#website\",\"url\":\"https:\\\/\\\/polimentofarolatacado.com\\\/\",\"name\":\"polimentofarolatacado\",\"description\":\"\",\"potentialAction\":[{\"@type\":\"SearchAction\",\"target\":{\"@type\":\"EntryPoint\",\"urlTemplate\":\"https:\\\/\\\/polimentofarolatacado.com\\\/?s={search_term_string}\"},\"query-input\":{\"@type\":\"PropertyValueSpecification\",\"valueRequired\":true,\"valueName\":\"search_term_string\"}}],\"inLanguage\":\"zh-Hans\"}]}<\/script>\n<!-- \/ Yoast SEO plugin. -->","yoast_head_json":{"title":"About - polimentofarolatacado","robots":{"index":"noindex","follow":"follow","max-snippet":"max-snippet:-1","max-image-preview":"max-image-preview:large","max-video-preview":"max-video-preview:-1"},"og_locale":"zh_CN","og_type":"article","og_title":"About - polimentofarolatacado","og_url":"https:\/\/polimentofarolatacado.com\/zh\/\u5173\u4e8e\/","og_site_name":"polimentofarolatacado","article_modified_time":"2026-01-12T05:46:11+00:00","twitter_card":"summary_large_image","twitter_misc":{"\u9884\u8ba1\u9605\u8bfb\u65f6\u95f4":"4 \u5206"},"schema":{"@context":"https:\/\/schema.org","@graph":[{"@type":"WebPage","@id":"https:\/\/polimentofarolatacado.com\/about\/","url":"https:\/\/polimentofarolatacado.com\/about\/","name":"About - polimentofarolatacado","isPartOf":{"@id":"https:\/\/polimentofarolatacado.com\/#website"},"datePublished":"2023-03-05T10:39:43+00:00","dateModified":"2026-01-12T05:46:11+00:00","breadcrumb":{"@id":"https:\/\/polimentofarolatacado.com\/about\/#breadcrumb"},"inLanguage":"zh-Hans","potentialAction":[{"@type":"ReadAction","target":["https:\/\/polimentofarolatacado.com\/about\/"]}]},{"@type":"BreadcrumbList","@id":"https:\/\/polimentofarolatacado.com\/about\/#breadcrumb","itemListElement":[{"@type":"ListItem","position":1,"name":"Home","item":"https:\/\/polimentofarolatacado.com\/"},{"@type":"ListItem","position":2,"name":"About"}]},{"@type":"WebSite","@id":"https:\/\/polimentofarolatacado.com\/#website","url":"https:\/\/polimentofarolatacado.com\/","name":"polimentofarolatacado","description":"","potentialAction":[{"@type":"SearchAction","target":{"@type":"EntryPoint","urlTemplate":"https:\/\/polimentofarolatacado.com\/?s={search_term_string}"},"query-input":{"@type":"PropertyValueSpecification","valueRequired":true,"valueName":"search_term_string"}}],"inLanguage":"zh-Hans"}]}},"_hostinger_reach_plugin_has_subscription_block":false,"_hostinger_reach_plugin_is_elementor":false,"_links":{"self":[{"href":"https:\/\/polimentofarolatacado.com\/zh\/wp-json\/wp\/v2\/pages\/25","targetHints":{"allow":["GET"]}}],"collection":[{"href":"https:\/\/polimentofarolatacado.com\/zh\/wp-json\/wp\/v2\/pages"}],"about":[{"href":"https:\/\/polimentofarolatacado.com\/zh\/wp-json\/wp\/v2\/types\/page"}],"author":[{"embeddable":true,"href":"https:\/\/polimentofarolatacado.com\/zh\/wp-json\/wp\/v2\/users\/3"}],"replies":[{"embeddable":true,"href":"https:\/\/polimentofarolatacado.com\/zh\/wp-json\/wp\/v2\/comments?post=25"}],"version-history":[{"count":1,"href":"https:\/\/polimentofarolatacado.com\/zh\/wp-json\/wp\/v2\/pages\/25\/revisions"}],"predecessor-version":[{"id":1626,"href":"https:\/\/polimentofarolatacado.com\/zh\/wp-json\/wp\/v2\/pages\/25\/revisions\/1626"}],"wp:attachment":[{"href":"https:\/\/polimentofarolatacado.com\/zh\/wp-json\/wp\/v2\/media?parent=25"}],"curies":[{"name":"wp","href":"https:\/\/api.w.org\/{rel}","templated":true}]}}